{"id":682,"date":"2020-05-20T10:28:56","date_gmt":"2020-05-20T10:28:56","guid":{"rendered":"https:\/\/wordpresskils.website\/TraffiCosmetic\/?page_id=682"},"modified":"2020-05-31T21:52:16","modified_gmt":"2020-05-31T21:52:16","slug":"blog-writing-web-content","status":"publish","type":"page","link":"https:\/\/trafficosmetic.com\/es\/redaccion-de-blogs-y-contenido-web\/","title":{"rendered":"Redacci\u00f3n de blogs y contenido web"},"content":{"rendered":"<div data-elementor-type=\"wp-page\" data-elementor-id=\"682\" class=\"elementor elementor-682\">\n\t\t\t\t\t\t<section class=\"elementor-section elementor-top-section elementor-element elementor-element-58ba7be6 elementor-section-height-min-height elementor-section-full_width elementor-section-height-default elementor-section-items-middle\" data-id=\"58ba7be6\" data-element_type=\"section\" data-settings=\"{&quot;background_background&quot;:&quot;classic&quot;}\">\n\t\t\t\t\t\t\t<div class=\"elementor-background-overlay\"><\/div>\n\t\t\t\t\t\t\t<div class=\"elementor-container elementor-column-gap-default\">\n\t\t\t\t\t<div class=\"elementor-column elementor-col-100 elementor-top-column elementor-element elementor-element-7d00d752\" data-id=\"7d00d752\" data-element_type=\"column\">\n\t\t\t<div class=\"elementor-widget-wrap elementor-element-populated\">\n\t\t\t\t\t\t<section class=\"elementor-section elementor-inner-section elementor-element elementor-element-79ec37a4 elementor-section-boxed elementor-section-height-default elementor-section-height-default\" data-id=\"79ec37a4\" data-element_type=\"section\">\n\t\t\t\t\t\t<div class=\"elementor-container elementor-column-gap-default\">\n\t\t\t\t\t<div class=\"elementor-column elementor-col-100 elementor-inner-column elementor-element elementor-element-29f6a24b\" data-id=\"29f6a24b\" data-element_type=\"column\">\n\t\t\t<div class=\"elementor-widget-wrap elementor-element-populated\">\n\t\t\t\t\t\t<div class=\"elementor-element elementor-element-8f60d6a elementor-widget elementor-widget-heading\" data-id=\"8f60d6a\" data-element_type=\"widget\" data-widget_type=\"heading.default\">\n\t\t\t\t<div class=\"elementor-widget-container\">\n\t\t\t<h2 class=\"elementor-heading-title elementor-size-default\">Contenido de Blog Totalmente Gestionado <br>Servicio de Redacci\u00f3n<\/h2>\t\t<\/div>\n\t\t\t\t<\/div>\n\t\t\t\t<div class=\"elementor-element elementor-element-300890b2 elementor-widget elementor-widget-text-editor\" data-id=\"300890b2\" data-element_type=\"widget\" data-widget_type=\"text-editor.default\">\n\t\t\t\t<div class=\"elementor-widget-container\">\n\t\t\t\t\t\t\tAumente su tr\u00e1fico con nuestros planes y paquetes de SEO gestionados de manos libres.\t\t\t\t\t\t<\/div>\n\t\t\t\t<\/div>\n\t\t\t\t\t<\/div>\n\t\t<\/div>\n\t\t\t\t\t<\/div>\n\t\t<\/section>\n\t\t\t\t<section class=\"elementor-section elementor-inner-section elementor-element elementor-element-174bba3d elementor-section-boxed elementor-section-height-default elementor-section-height-default\" data-id=\"174bba3d\" data-element_type=\"section\">\n\t\t\t\t\t\t<div class=\"elementor-container elementor-column-gap-default\">\n\t\t\t\t\t<div class=\"elementor-column elementor-col-100 elementor-inner-column elementor-element elementor-element-445c78dd\" data-id=\"445c78dd\" data-element_type=\"column\">\n\t\t\t<div class=\"elementor-widget-wrap elementor-element-populated\">\n\t\t\t\t\t\t<div class=\"elementor-element elementor-element-2c29a762 elementor-align-center elementor-mobile-align-center elementor-widget elementor-widget-button\" data-id=\"2c29a762\" data-element_type=\"widget\" data-widget_type=\"button.default\">\n\t\t\t\t<div class=\"elementor-widget-container\">\n\t\t\t\t\t\t\t<div class=\"elementor-button-wrapper\">\n\t\t\t\t\t<a class=\"elementor-button elementor-button-link elementor-size-sm elementor-animation-grow\" href=\"#\">\n\t\t\t\t\t\t<span class=\"elementor-button-content-wrapper\">\n\t\t\t\t\t\t\t\t\t<span class=\"elementor-button-text\">Programe una consulta gratuita de estrategia digital<\/span>\n\t\t\t\t\t<\/span>\n\t\t\t\t\t<\/a>\n\t\t\t\t<\/div>\n\t\t\t\t\t\t<\/div>\n\t\t\t\t<\/div>\n\t\t\t\t\t<\/div>\n\t\t<\/div>\n\t\t\t\t\t<\/div>\n\t\t<\/section>\n\t\t\t\t\t<\/div>\n\t\t<\/div>\n\t\t\t\t\t<\/div>\n\t\t<\/section>\n\t\t\t\t<section class=\"elementor-section elementor-top-section elementor-element elementor-element-4fdc2ed elementor-section-full_width elementor-section-height-default elementor-section-height-default\" data-id=\"4fdc2ed\" data-element_type=\"section\" data-settings=\"{&quot;background_background&quot;:&quot;classic&quot;}\">\n\t\t\t\t\t\t<div class=\"elementor-container elementor-column-gap-default\">\n\t\t\t\t\t<div class=\"elementor-column elementor-col-100 elementor-top-column elementor-element elementor-element-87d3f3a\" data-id=\"87d3f3a\" data-element_type=\"column\">\n\t\t\t<div class=\"elementor-widget-wrap elementor-element-populated\">\n\t\t\t\t\t\t<section class=\"elementor-section elementor-inner-section elementor-element elementor-element-cb23380 elementor-section-boxed elementor-section-height-default elementor-section-height-default\" data-id=\"cb23380\" data-element_type=\"section\">\n\t\t\t\t\t\t<div class=\"elementor-container elementor-column-gap-default\">\n\t\t\t\t\t<div class=\"elementor-column elementor-col-50 elementor-inner-column elementor-element elementor-element-601a205\" data-id=\"601a205\" data-element_type=\"column\">\n\t\t\t<div class=\"elementor-widget-wrap elementor-element-populated\">\n\t\t\t\t\t\t<div class=\"elementor-element elementor-element-53ed73f elementor-widget elementor-widget-heading\" data-id=\"53ed73f\" data-element_type=\"widget\" data-widget_type=\"heading.default\">\n\t\t\t\t<div class=\"elementor-widget-container\">\n\t\t\t<h2 class=\"elementor-heading-title elementor-size-default\">Gesti\u00f3n del Contenido de su blog<\/h2>\t\t<\/div>\n\t\t\t\t<\/div>\n\t\t\t\t<div class=\"elementor-element elementor-element-0279066 elementor-widget elementor-widget-text-editor\" data-id=\"0279066\" data-element_type=\"widget\" data-widget_type=\"text-editor.default\">\n\t\t\t\t<div class=\"elementor-widget-container\">\n\t\t\t\t\t\t\t<p>La presencia de un blog con autoridad en su sitio web es una forma ideal de impulsar el tr\u00e1fico objetivo. Al crear continuamente contenido fresco para su sitio web, ayudar\u00e1 a atraer al cliente perfecto a su consultorio.<br \/>Antes incluso de conocerlos y de que entren por su puerta, sus posibles pacientes pasar\u00e1n tiempo en internet buscando informaci\u00f3n sobre procedimientos y proveedores de cirug\u00eda pl\u00e1stica. Nos aseguraremos de que usted sea el cirujano pl\u00e1stico que localicen finalmente.<br \/>Los cirujanos pl\u00e1sticos se dan cuenta de que tener un consultorio que sea exitoso depende de tener un flujo constante de nuevos pacientes que preguntan acerca de sus procedimientos y pr\u00e1cticas. Cuando se realiza correctamente, el SEO es un embudo de marketing que puede llevar estos pacientes a su puerta.<br \/>Nuestro equipo de escritores trabaja con usted para hacer crecer su consultorio. Nuestro equipo dedicado puede crear blogs para su sitio web que est\u00e1n optimizados para los motores de b\u00fasqueda. Su sitio web y su blog tendr\u00e1n una fant\u00e1stica optimizaci\u00f3n en la p\u00e1gina y la construcci\u00f3n de enlaces. Cada vez que un paciente potencial est\u00e1 buscando en l\u00ednea los procedimientos de cirug\u00eda pl\u00e1stica proporcionados por su consultorio, un SEO eficaz les ayuda a encontrarlo a usted y a su consultorio, haciendo crecer su empresa.<\/p>\t\t\t\t\t\t<\/div>\n\t\t\t\t<\/div>\n\t\t\t\t\t<\/div>\n\t\t<\/div>\n\t\t\t\t<div class=\"elementor-column elementor-col-50 elementor-inner-column elementor-element elementor-element-1ef22a7\" data-id=\"1ef22a7\" data-element_type=\"column\">\n\t\t\t<div class=\"elementor-widget-wrap elementor-element-populated\">\n\t\t\t\t\t\t<div class=\"elementor-element elementor-element-6b58e17 elementor-widget elementor-widget-image\" data-id=\"6b58e17\" data-element_type=\"widget\" data-widget_type=\"image.default\">\n\t\t\t\t<div class=\"elementor-widget-container\">\n\t\t\t\t\t\t\t\t\t\t\t\t\t<img fetchpriority=\"high\" decoding=\"async\" width=\"1024\" height=\"768\" src=\"https:\/\/trafficosmetic.com\/wp-content\/uploads\/2020\/05\/digital-marketing-1-1024x768.jpg\" class=\"attachment-large size-large wp-image-1120\" alt=\"\" srcset=\"https:\/\/trafficosmetic.com\/wp-content\/uploads\/2020\/05\/digital-marketing-1-1024x768.jpg 1024w, https:\/\/trafficosmetic.com\/wp-content\/uploads\/2020\/05\/digital-marketing-1-300x225.jpg 300w, https:\/\/trafficosmetic.com\/wp-content\/uploads\/2020\/05\/digital-marketing-1-768x576.jpg 768w, https:\/\/trafficosmetic.com\/wp-content\/uploads\/2020\/05\/digital-marketing-1-1536x1152.jpg 1536w, https:\/\/trafficosmetic.com\/wp-content\/uploads\/2020\/05\/digital-marketing-1-2048x1536.jpg 2048w\" sizes=\"(max-width: 1024px) 100vw, 1024px\" \/>\t\t\t\t\t\t\t\t\t\t\t\t\t<\/div>\n\t\t\t\t<\/div>\n\t\t\t\t\t<\/div>\n\t\t<\/div>\n\t\t\t\t\t<\/div>\n\t\t<\/section>\n\t\t\t\t\t<\/div>\n\t\t<\/div>\n\t\t\t\t\t<\/div>\n\t\t<\/section>\n\t\t\t\t<section class=\"elementor-section elementor-top-section elementor-element elementor-element-3b6c024 elementor-section-boxed elementor-section-height-default elementor-section-height-default\" data-id=\"3b6c024\" data-element_type=\"section\">\n\t\t\t\t\t\t<div class=\"elementor-container elementor-column-gap-default\">\n\t\t\t\t\t<div class=\"elementor-column elementor-col-100 elementor-top-column elementor-element elementor-element-4357d12\" data-id=\"4357d12\" data-element_type=\"column\">\n\t\t\t<div class=\"elementor-widget-wrap\">\n\t\t\t\t\t\t\t<\/div>\n\t\t<\/div>\n\t\t\t\t\t<\/div>\n\t\t<\/section>\n\t\t\t\t<section class=\"elementor-section elementor-top-section elementor-element elementor-element-14884ef elementor-section-full_width elementor-section-height-default elementor-section-height-default\" data-id=\"14884ef\" data-element_type=\"section\" data-settings=\"{&quot;background_background&quot;:&quot;classic&quot;}\">\n\t\t\t\t\t\t<div class=\"elementor-container elementor-column-gap-default\">\n\t\t\t\t\t<div class=\"elementor-column elementor-col-100 elementor-top-column elementor-element elementor-element-d4ed882\" data-id=\"d4ed882\" data-element_type=\"column\">\n\t\t\t<div class=\"elementor-widget-wrap elementor-element-populated\">\n\t\t\t\t\t\t<section class=\"elementor-section elementor-inner-section elementor-element elementor-element-0dcb4c2 elementor-section-boxed elementor-section-height-default elementor-section-height-default\" data-id=\"0dcb4c2\" data-element_type=\"section\">\n\t\t\t\t\t\t<div class=\"elementor-container elementor-column-gap-default\">\n\t\t\t\t\t<div class=\"elementor-column elementor-col-33 elementor-inner-column elementor-element elementor-element-3c7231a\" data-id=\"3c7231a\" data-element_type=\"column\">\n\t\t\t<div class=\"elementor-widget-wrap elementor-element-populated\">\n\t\t\t\t\t\t<div class=\"elementor-element elementor-element-5eb5f1c elementor-widget elementor-widget-image\" data-id=\"5eb5f1c\" data-element_type=\"widget\" data-widget_type=\"image.default\">\n\t\t\t\t<div class=\"elementor-widget-container\">\n\t\t\t\t\t\t\t\t\t\t\t\t\t<img decoding=\"async\" width=\"281\" height=\"300\" data-src=\"https:\/\/trafficosmetic.com\/wp-content\/uploads\/2020\/05\/blog-writing-service.png\" class=\"attachment-large size-large wp-image-779 lazyload\" alt=\"\" src=\"data:image\/gif;base64,R0lGODlhAQABAAAAACH5BAEKAAEALAAAAAABAAEAAAICTAEAOw==\" style=\"--smush-placeholder-width: 281px; --smush-placeholder-aspect-ratio: 281\/300;\" \/><noscript><img decoding=\"async\" width=\"281\" height=\"300\" src=\"https:\/\/trafficosmetic.com\/wp-content\/uploads\/2020\/05\/blog-writing-service.png\" class=\"attachment-large size-large wp-image-779\" alt=\"\" \/><\/noscript>\t\t\t\t\t\t\t\t\t\t\t\t\t<\/div>\n\t\t\t\t<\/div>\n\t\t\t\t\t<\/div>\n\t\t<\/div>\n\t\t\t\t<div class=\"elementor-column elementor-col-66 elementor-inner-column elementor-element elementor-element-84ad316\" data-id=\"84ad316\" data-element_type=\"column\">\n\t\t\t<div class=\"elementor-widget-wrap elementor-element-populated\">\n\t\t\t\t\t\t<div class=\"elementor-element elementor-element-563187a elementor-widget elementor-widget-heading\" data-id=\"563187a\" data-element_type=\"widget\" data-widget_type=\"heading.default\">\n\t\t\t\t<div class=\"elementor-widget-container\">\n\t\t\t<h2 class=\"elementor-heading-title elementor-size-default\">Conveniencia\n<\/h2>\t\t<\/div>\n\t\t\t\t<\/div>\n\t\t\t\t<div class=\"elementor-element elementor-element-aabd665 elementor-widget elementor-widget-text-editor\" data-id=\"aabd665\" data-element_type=\"widget\" data-widget_type=\"text-editor.default\">\n\t\t\t\t<div class=\"elementor-widget-container\">\n\t\t\t\t\t\t\t<p>Nuestros clientes aprecian la forma en que proporcionamos excelentes servicios de marketing de cirug\u00eda pl\u00e1stica, incluyendo el dise\u00f1o web, la creaci\u00f3n de blogs, el SEO, la gesti\u00f3n de Google Ads y el marketing en redes sociales. Los posibles pacientes se ver\u00e1n influenciados por todos los aspectos de nuestro trabajo para que descubran su consultorio y finalmente programen una consulta.<br \/>Trabajar con nosotros para la creaci\u00f3n y actualizaci\u00f3n del blog, as\u00ed como para el SEO, garantiza que todo lo que necesita se encuentre bajo un mismo techo. Esto le permite reanudar la atenci\u00f3n a los pacientes y la realizaci\u00f3n de procedimientos de cirug\u00eda pl\u00e1stica. No tendr\u00e1 que preocuparse de actualizar sus blogs, mantener su sitio web o centrarse en el marketing de las redes sociales. Nosotros nos encargamos de todo eso por usted para que pueda seguir centrado en su consultorio.<\/p>\t\t\t\t\t\t<\/div>\n\t\t\t\t<\/div>\n\t\t\t\t\t<\/div>\n\t\t<\/div>\n\t\t\t\t\t<\/div>\n\t\t<\/section>\n\t\t\t\t\t<\/div>\n\t\t<\/div>\n\t\t\t\t\t<\/div>\n\t\t<\/section>\n\t\t\t\t<section class=\"elementor-section elementor-top-section elementor-element elementor-element-51f21af1 elementor-section-boxed elementor-section-height-default elementor-section-height-default\" data-id=\"51f21af1\" data-element_type=\"section\">\n\t\t\t\t\t\t<div class=\"elementor-container elementor-column-gap-default\">\n\t\t\t\t\t<div class=\"elementor-column elementor-col-100 elementor-top-column elementor-element elementor-element-60f40028\" data-id=\"60f40028\" data-element_type=\"column\">\n\t\t\t<div class=\"elementor-widget-wrap elementor-element-populated\">\n\t\t\t\t\t\t<div class=\"elementor-element elementor-element-212af035 elementor-widget elementor-widget-heading\" data-id=\"212af035\" data-element_type=\"widget\" data-widget_type=\"heading.default\">\n\t\t\t\t<div class=\"elementor-widget-container\">\n\t\t\t<h2 class=\"elementor-heading-title elementor-size-default\">Nuestro enfoque<\/h2>\t\t<\/div>\n\t\t\t\t<\/div>\n\t\t\t\t<div class=\"elementor-element elementor-element-91272d8 elementor-widget elementor-widget-heading\" data-id=\"91272d8\" data-element_type=\"widget\" data-widget_type=\"heading.default\">\n\t\t\t\t<div class=\"elementor-widget-container\">\n\t\t\t<h2 class=\"elementor-heading-title elementor-size-default\">La redacci\u00f3n de blogs y el SEO crean un canal de marketing que implica tres aspectos:\n<\/h2>\t\t<\/div>\n\t\t\t\t<\/div>\n\t\t\t\t<section class=\"elementor-section elementor-inner-section elementor-element elementor-element-75b9c155 elementor-section-boxed elementor-section-height-default elementor-section-height-default\" data-id=\"75b9c155\" data-element_type=\"section\">\n\t\t\t\t\t\t<div class=\"elementor-container elementor-column-gap-no\">\n\t\t\t\t\t<div class=\"elementor-column elementor-col-100 elementor-inner-column elementor-element elementor-element-3b5e6e3\" data-id=\"3b5e6e3\" data-element_type=\"column\">\n\t\t\t<div class=\"elementor-widget-wrap elementor-element-populated\">\n\t\t\t\t\t\t<div class=\"elementor-element elementor-element-42e3042 elementor-widget elementor-widget-text-editor\" data-id=\"42e3042\" data-element_type=\"widget\" data-widget_type=\"text-editor.default\">\n\t\t\t\t<div class=\"elementor-widget-container\">\n\t\t\t\t\t\t\t<p><strong>1.<\/strong> Invitar a Google a indexar correctamente su sitio web<br \/><strong>2.<\/strong> . Optimizar los elementos del sitio en la p\u00e1gina para que los buscadores encuentren su consultorio cuando investiguen los procedimientos que usted ofrece<br \/><strong>3.<\/strong> Construir confianza y autoridad para su blog y su sitio web mediante la redacci\u00f3n de contenidos y la creaci\u00f3n de enlaces<\/p>\t\t\t\t\t\t<\/div>\n\t\t\t\t<\/div>\n\t\t\t\t\t<\/div>\n\t\t<\/div>\n\t\t\t\t\t<\/div>\n\t\t<\/section>\n\t\t\t\t\t<\/div>\n\t\t<\/div>\n\t\t\t\t\t<\/div>\n\t\t<\/section>\n\t\t\t\t<section class=\"elementor-section elementor-top-section elementor-element elementor-element-91b932b elementor-section-full_width elementor-section-height-default elementor-section-height-default\" data-id=\"91b932b\" data-element_type=\"section\">\n\t\t\t\t\t\t<div class=\"elementor-container elementor-column-gap-default\">\n\t\t\t\t\t<div class=\"elementor-column elementor-col-100 elementor-top-column elementor-element elementor-element-749a9e8\" data-id=\"749a9e8\" data-element_type=\"column\">\n\t\t\t<div class=\"elementor-widget-wrap elementor-element-populated\">\n\t\t\t\t\t\t<section class=\"elementor-section elementor-inner-section elementor-element elementor-element-66df490 elementor-section-boxed elementor-section-height-default elementor-section-height-default\" data-id=\"66df490\" data-element_type=\"section\">\n\t\t\t\t\t\t<div class=\"elementor-container elementor-column-gap-default\">\n\t\t\t\t\t<div class=\"elementor-column elementor-col-66 elementor-inner-column elementor-element elementor-element-672c98f\" data-id=\"672c98f\" data-element_type=\"column\">\n\t\t\t<div class=\"elementor-widget-wrap elementor-element-populated\">\n\t\t\t\t\t\t<div class=\"elementor-element elementor-element-49f4174 elementor-widget elementor-widget-heading\" data-id=\"49f4174\" data-element_type=\"widget\" data-widget_type=\"heading.default\">\n\t\t\t\t<div class=\"elementor-widget-container\">\n\t\t\t<h2 class=\"elementor-heading-title elementor-size-default\">Blog de Cirug\u00eda Pl\u00e1stica\n<\/h2>\t\t<\/div>\n\t\t\t\t<\/div>\n\t\t\t\t<div class=\"elementor-element elementor-element-73da12b elementor-widget elementor-widget-text-editor\" data-id=\"73da12b\" data-element_type=\"widget\" data-widget_type=\"text-editor.default\">\n\t\t\t\t<div class=\"elementor-widget-container\">\n\t\t\t\t\t\t\t<p>Es de vital importancia que los posibles pacientes que utilizan los motores de b\u00fasqueda se den cuenta de que usted es un verdadero l\u00edder en su campo. No puede utilizar todas las p\u00e1ginas de su sitio para la autopromoci\u00f3n. En su lugar, necesita tener algunas entradas de blog continuamente actualizadas con respecto a los nuevos procedimientos de cirug\u00eda pl\u00e1stica, c\u00f3mo funcionan y la preparaci\u00f3n y la informaci\u00f3n de recuperaci\u00f3n para los pacientes<\/p><p>Esto es marketing de contenidos de cirug\u00eda pl\u00e1stica. Tiene dos funciones: 1) Las entradas del blog sobre estos temas educar\u00e1n a los posibles pacientes, as\u00ed como a los actuales. 2) Tener un blog actualizado permite que los motores de b\u00fasqueda sepan que su sitio merece una alta clasificaci\u00f3n en los resultados de b\u00fasqueda para los procedimientos relevantes en su \u00e1rea local.<\/p><p>El desarrollo y mantenimiento de un excelente blog de cirug\u00eda pl\u00e1stica no es simplemente un departamento en el equipo de marketing de su consultorio; sirve como un puente informativo que conecta su consultorio con los pacientes potenciales que eventualmente programar\u00e1n una consulta y se someter\u00e1n a un procedimiento en su consultorio<\/p>\t\t\t\t\t\t<\/div>\n\t\t\t\t<\/div>\n\t\t\t\t\t<\/div>\n\t\t<\/div>\n\t\t\t\t<div class=\"elementor-column elementor-col-33 elementor-inner-column elementor-element elementor-element-9628570\" data-id=\"9628570\" data-element_type=\"column\">\n\t\t\t<div class=\"elementor-widget-wrap elementor-element-populated\">\n\t\t\t\t\t\t<div class=\"elementor-element elementor-element-8e42a6f elementor-widget elementor-widget-image\" data-id=\"8e42a6f\" data-element_type=\"widget\" data-widget_type=\"image.default\">\n\t\t\t\t<div class=\"elementor-widget-container\">\n\t\t\t\t\t\t\t\t\t\t\t\t\t<img decoding=\"async\" width=\"1622\" height=\"1273\" data-src=\"https:\/\/trafficosmetic.com\/wp-content\/uploads\/2020\/05\/plastic-surgery-digital-marketing-.jpg\" class=\"attachment-full size-full wp-image-940 lazyload\" alt=\"\" data-srcset=\"https:\/\/trafficosmetic.com\/wp-content\/uploads\/2020\/05\/plastic-surgery-digital-marketing-.jpg 1622w, https:\/\/trafficosmetic.com\/wp-content\/uploads\/2020\/05\/plastic-surgery-digital-marketing--300x235.jpg 300w, https:\/\/trafficosmetic.com\/wp-content\/uploads\/2020\/05\/plastic-surgery-digital-marketing--1024x804.jpg 1024w, https:\/\/trafficosmetic.com\/wp-content\/uploads\/2020\/05\/plastic-surgery-digital-marketing--768x603.jpg 768w, https:\/\/trafficosmetic.com\/wp-content\/uploads\/2020\/05\/plastic-surgery-digital-marketing--1536x1206.jpg 1536w\" data-sizes=\"(max-width: 1622px) 100vw, 1622px\" src=\"data:image\/gif;base64,R0lGODlhAQABAAAAACH5BAEKAAEALAAAAAABAAEAAAICTAEAOw==\" style=\"--smush-placeholder-width: 1622px; --smush-placeholder-aspect-ratio: 1622\/1273;\" \/><noscript><img decoding=\"async\" width=\"1622\" height=\"1273\" src=\"https:\/\/trafficosmetic.com\/wp-content\/uploads\/2020\/05\/plastic-surgery-digital-marketing-.jpg\" class=\"attachment-full size-full wp-image-940\" alt=\"\" srcset=\"https:\/\/trafficosmetic.com\/wp-content\/uploads\/2020\/05\/plastic-surgery-digital-marketing-.jpg 1622w, https:\/\/trafficosmetic.com\/wp-content\/uploads\/2020\/05\/plastic-surgery-digital-marketing--300x235.jpg 300w, https:\/\/trafficosmetic.com\/wp-content\/uploads\/2020\/05\/plastic-surgery-digital-marketing--1024x804.jpg 1024w, https:\/\/trafficosmetic.com\/wp-content\/uploads\/2020\/05\/plastic-surgery-digital-marketing--768x603.jpg 768w, https:\/\/trafficosmetic.com\/wp-content\/uploads\/2020\/05\/plastic-surgery-digital-marketing--1536x1206.jpg 1536w\" sizes=\"(max-width: 1622px) 100vw, 1622px\" \/><\/noscript>\t\t\t\t\t\t\t\t\t\t\t\t\t<\/div>\n\t\t\t\t<\/div>\n\t\t\t\t\t<\/div>\n\t\t<\/div>\n\t\t\t\t\t<\/div>\n\t\t<\/section>\n\t\t\t\t\t<\/div>\n\t\t<\/div>\n\t\t\t\t\t<\/div>\n\t\t<\/section>\n\t\t\t\t<\/div>","protected":false},"excerpt":{"rendered":"<p>Fully Managed Blog Content Writing Service Increase your traffic with our hands-free managed SEO plans &#038; packages. Schedule a free digital strategy consultation Managing Your Blog Content The presence of an authoritative blog on your website is an ideal way to boost targeted traffic. By continually creating fresh content for your site, you will help [&hellip;]<\/p>","protected":false},"author":1,"featured_media":0,"parent":0,"menu_order":0,"comment_status":"closed","ping_status":"closed","template":"","meta":{"_monsterinsights_skip_tracking":false,"_monsterinsights_sitenote_active":false,"_monsterinsights_sitenote_note":"","_monsterinsights_sitenote_category":0,"ocean_post_layout":"full-screen","ocean_both_sidebars_style":"","ocean_both_sidebars_content_width":0,"ocean_both_sidebars_sidebars_width":0,"ocean_sidebar":"0","ocean_second_sidebar":"0","ocean_disable_margins":"on","ocean_add_body_class":"","ocean_shortcode_before_top_bar":"","ocean_shortcode_after_top_bar":"","ocean_shortcode_before_header":"","ocean_shortcode_after_header":"","ocean_has_shortcode":"","ocean_shortcode_after_title":"","ocean_shortcode_before_footer_widgets":"","ocean_shortcode_after_footer_widgets":"","ocean_shortcode_before_footer_bottom":"","ocean_shortcode_after_footer_bottom":"","ocean_display_top_bar":"default","ocean_display_header":"default","ocean_header_style":"","ocean_center_header_left_menu":"0","ocean_custom_header_template":"0","ocean_custom_logo":0,"ocean_custom_retina_logo":0,"ocean_custom_logo_max_width":0,"ocean_custom_logo_tablet_max_width":0,"ocean_custom_logo_mobile_max_width":0,"ocean_custom_logo_max_height":0,"ocean_custom_logo_tablet_max_height":0,"ocean_custom_logo_mobile_max_height":0,"ocean_header_custom_menu":"0","ocean_menu_typo_font_family":"0","ocean_menu_typo_font_subset":"","ocean_menu_typo_font_size":0,"ocean_menu_typo_font_size_tablet":0,"ocean_menu_typo_font_size_mobile":0,"ocean_menu_typo_font_size_unit":"px","ocean_menu_typo_font_weight":"","ocean_menu_typo_font_weight_tablet":"","ocean_menu_typo_font_weight_mobile":"","ocean_menu_typo_transform":"","ocean_menu_typo_transform_tablet":"","ocean_menu_typo_transform_mobile":"","ocean_menu_typo_line_height":0,"ocean_menu_typo_line_height_tablet":0,"ocean_menu_typo_line_height_mobile":0,"ocean_menu_typo_line_height_unit":"","ocean_menu_typo_spacing":0,"ocean_menu_typo_spacing_tablet":0,"ocean_menu_typo_spacing_mobile":0,"ocean_menu_typo_spacing_unit":"","ocean_menu_link_color":"","ocean_menu_link_color_hover":"","ocean_menu_link_color_active":"","ocean_menu_link_background":"","ocean_menu_link_hover_background":"","ocean_menu_link_active_background":"","ocean_menu_social_links_bg":"","ocean_menu_social_hover_links_bg":"","ocean_menu_social_links_color":"","ocean_menu_social_hover_links_color":"","ocean_disable_title":"on","ocean_disable_heading":"default","ocean_post_title":"","ocean_post_subheading":"","ocean_post_title_style":"","ocean_post_title_background_color":"","ocean_post_title_background":0,"ocean_post_title_bg_image_position":"","ocean_post_title_bg_image_attachment":"","ocean_post_title_bg_image_repeat":"","ocean_post_title_bg_image_size":"","ocean_post_title_height":0,"ocean_post_title_bg_overlay":0.5,"ocean_post_title_bg_overlay_color":"","ocean_disable_breadcrumbs":"off","ocean_breadcrumbs_color":"","ocean_breadcrumbs_separator_color":"","ocean_breadcrumbs_links_color":"","ocean_breadcrumbs_links_hover_color":"","ocean_display_footer_widgets":"default","ocean_display_footer_bottom":"default","ocean_custom_footer_template":"0","footnotes":""},"class_list":["post-682","page","type-page","status-publish","hentry","entry"],"_links":{"self":[{"href":"https:\/\/trafficosmetic.com\/es\/wp-json\/wp\/v2\/pages\/682","targetHints":{"allow":["GET"]}}],"collection":[{"href":"https:\/\/trafficosmetic.com\/es\/wp-json\/wp\/v2\/pages"}],"about":[{"href":"https:\/\/trafficosmetic.com\/es\/wp-json\/wp\/v2\/types\/page"}],"author":[{"embeddable":true,"href":"https:\/\/trafficosmetic.com\/es\/wp-json\/wp\/v2\/users\/1"}],"replies":[{"embeddable":true,"href":"https:\/\/trafficosmetic.com\/es\/wp-json\/wp\/v2\/comments?post=682"}],"version-history":[{"count":65,"href":"https:\/\/trafficosmetic.com\/es\/wp-json\/wp\/v2\/pages\/682\/revisions"}],"predecessor-version":[{"id":1122,"href":"https:\/\/trafficosmetic.com\/es\/wp-json\/wp\/v2\/pages\/682\/revisions\/1122"}],"wp:attachment":[{"href":"https:\/\/trafficosmetic.com\/es\/wp-json\/wp\/v2\/media?parent=682"}],"curies":[{"name":"wp","href":"https:\/\/api.w.org\/{rel}","templated":true}]}}